{"id":29319,"date":"2016-02-17T10:15:15","date_gmt":"2016-02-17T10:15:15","guid":{"rendered":"https:\/\/knate.pl\/home\/"},"modified":"2026-04-15T18:35:19","modified_gmt":"2026-04-15T18:35:19","slug":"home","status":"publish","type":"page","link":"https:\/\/knate.pl\/en\/","title":{"rendered":"Home"},"content":{"rendered":"\n\t<div id=\"gap-2023342631\" class=\"gap-element clearfix\" style=\"display:block; height:auto;\">\n\t\t\n<style>\n#gap-2023342631 {\n  padding-top: 135px;\n}\n<\/style>\n\t<\/div>\n\t\n\n  <div class=\"banner-grid-wrapper\">\n  <div id=\"banner-grid-890121038\" class=\"banner-grid row row-grid row-xsmall row-full-width\" data-packery-options=\"\">\n                      \n\n<div class=\"col grid-col small-13 large-12 grid-col-1\" data-animate=\"fadeInLeft\"><div class=\"col-inner\">\n\n\n  <div class=\"banner has-hover hide-for-small\" id=\"banner-142267001\">\n          <div class=\"banner-inner fill\">\n        <div class=\"banner-bg fill\" >\n            <div class=\"bg fill bg-fill \"><\/div>\n                                    \n                    <\/div>\n        <div class=\"banner-layers container\">\n            <div class=\"fill banner-link\"><\/div>            \n\n   <div id=\"text-box-1359826052\" class=\"text-box banner-layer x100 md-x100 lg-x100 y20 md-y20 lg-y20 res-text\">\n                                <div class=\"text dark\">\n              \n              <div class=\"text-inner text-center\">\n                  \n\n<h1 class=\"alt-font\"><span style=\"color: #ed5c00; font-size: 105%; font-family: noto-serif;\"><em><strong>Crochet, But Make It Cool!<\/strong><\/em><\/span><\/h1>\n<p>\u00a0<\/p>\n<p class=\"thin-font uppercase\"><span style=\"font-size: 180%; font-family: Helvetica;\"><span style=\"color: #ed5c00;\">nowoczesne i modowe wzory<\/span><\/span><\/p>\n\t<div id=\"gap-634404956\" class=\"gap-element clearfix\" style=\"display:block; height:auto;\">\n\t\t\n<style>\n#gap-634404956 {\n  padding-top: 20px;\n}\n<\/style>\n\t<\/div>\n\t\n\n<a class=\"button secondary is-large\"  >\n    <span>Na szyde\u0142ko<\/span>\n  <\/a>\n\n\n<a class=\"button secondary is-large\"  >\n    <span>Na druty<\/span>\n  <\/a>\n\n\n\n              <\/div>\n           <\/div>\n                            \n<style>\n#text-box-1359826052 {\n  width: 68%;\n}\n#text-box-1359826052 .text {\n  font-size: 100%;\n}\n<\/style>\n    <\/div>\n \n\n        <\/div>\n      <\/div>\n\n            \n<style>\n#banner-142267001 {\n  padding-top: 60px;\n}\n#banner-142267001 .bg.bg-loaded {\n  background-image: url(https:\/\/knate.pl\/wp-content\/uploads\/2026\/04\/Natalia-1920-x-1000-px-1920-x-600-px.png);\n}\n#banner-142267001 .bg {\n  background-position: 61% 57%;\n}\n<\/style>\n  <\/div>\n\n\n\n  <div class=\"banner has-hover show-for-medium\" id=\"banner-217354273\">\n          <div class=\"banner-inner fill\">\n        <div class=\"banner-bg fill\" >\n            <div class=\"bg fill bg-fill \"><\/div>\n                                    \n                    <\/div>\n        <div class=\"banner-layers container\">\n            <div class=\"fill banner-link\"><\/div>            \n\n   <div id=\"text-box-1282901536\" class=\"text-box banner-layer x100 md-x100 lg-x100 y5 md-y20 lg-y20 res-text\">\n                                <div class=\"text dark\">\n              \n              <div class=\"text-inner text-center\">\n                  \n\n\t<div id=\"text-3423533665\" class=\"text\">\n\t\t\n\n<h1 class=\"alt-font\"><span style=\"font-size: 55%;\"><span style=\"color: #ed5c00; font-family: noto-serif;\"><em><strong>Crochet, <\/strong><\/em><\/span><span style=\"color: #ed5c00; font-family: noto-serif;\"><em><strong>But Make It <\/strong><\/em><\/span><\/span><\/h1>\n<h1 class=\"alt-font\"><span style=\"font-size: 55%;\"><span style=\"color: #ed5c00; font-family: noto-serif;\"><em><strong>Cool!<\/strong><\/em><\/span><\/span><\/h1>\n\t\t\n<style>\n#text-3423533665 {\n  font-size: 0.75rem;\n  line-height: 0.75;\n  text-align: center;\n}\n<\/style>\n\t<\/div>\n\t\n\n              <\/div>\n           <\/div>\n                            \n<style>\n#text-box-1282901536 {\n  width: 90%;\n}\n#text-box-1282901536 .text {\n  font-size: 100%;\n}\n@media (min-width:550px) {\n  #text-box-1282901536 {\n    width: 68%;\n  }\n}\n<\/style>\n    <\/div>\n \n   <div id=\"text-box-972552985\" class=\"text-box banner-layer x100 md-x100 lg-x100 y35 md-y20 lg-y20 res-text\">\n                                <div class=\"text dark\">\n              \n              <div class=\"text-inner text-center\">\n                  \n\n\t<div id=\"text-1920645436\" class=\"text\">\n\t\t\n\n<h6 class=\"thin-font uppercase\"><span style=\"font-size: 150%;\"><span style=\"font-family: Helvetica;\"><span style=\"color: #ed5c00;\">nowoczesne i <\/span><\/span><span style=\"font-family: Helvetica;\"><span style=\"color: #ed5c00;\">modne<\/span><\/span><\/span><br \/><br \/><span style=\"font-size: 150%; font-family: Helvetica;\"><span style=\"color: #ed5c00;\">wzory<\/span><\/span><\/h6>\n\t\t\n<style>\n#text-1920645436 {\n  text-align: center;\n}\n<\/style>\n\t<\/div>\n\t\n\n              <\/div>\n           <\/div>\n                            \n<style>\n#text-box-972552985 {\n  width: 55%;\n}\n#text-box-972552985 .text {\n  font-size: 100%;\n}\n@media (min-width:550px) {\n  #text-box-972552985 {\n    width: 68%;\n  }\n}\n<\/style>\n    <\/div>\n \n   <div id=\"text-box-1643134302\" class=\"text-box banner-layer x95 md-x100 lg-x100 y65 md-y20 lg-y20 res-text\">\n                                <div class=\"text dark\">\n              \n              <div class=\"text-inner text-center\">\n                  \n\n\t<div id=\"gap-1208839610\" class=\"gap-element clearfix\" style=\"display:block; height:auto;\">\n\t\t\n<style>\n#gap-1208839610 {\n  padding-top: 19px;\n}\n@media (min-width:550px) {\n  #gap-1208839610 {\n    padding-top: 20px;\n  }\n}\n<\/style>\n\t<\/div>\n\t\n\n<a href=\"https:\/\/knate.pl\/kategoria-produktu\/na-szydelko\/\" target=\"_self\" class=\"button secondary is-large\"  style=\"padding:0px 11px 0px 11px;\">\n    <span>Na szyde\u0142ko<\/span>\n  <\/a>\n\n\n\t<div id=\"gap-1582280530\" class=\"gap-element clearfix\" style=\"display:block; height:auto;\">\n\t\t\n<style>\n#gap-1582280530 {\n  padding-top: 10px;\n}\n@media (min-width:550px) {\n  #gap-1582280530 {\n    padding-top: 20px;\n  }\n}\n<\/style>\n\t<\/div>\n\t\n\n<a href=\"https:\/\/knate.pl\/kategoria-produktu\/na-druty\/\" target=\"_self\" class=\"button secondary is-large\"  style=\"padding:0px 9px 0px 9px;\">\n    <span>Na druty<\/span>\n  <\/a>\n\n\n\n              <\/div>\n           <\/div>\n                            \n<style>\n#text-box-1643134302 {\n  width: 49%;\n}\n#text-box-1643134302 .text {\n  font-size: 100%;\n}\n@media (min-width:550px) {\n  #text-box-1643134302 {\n    width: 68%;\n  }\n}\n<\/style>\n    <\/div>\n \n\n        <\/div>\n      <\/div>\n\n            \n<style>\n#banner-217354273 {\n  padding-top: 50%;\n}\n#banner-217354273 .bg.bg-loaded {\n  background-image: url(https:\/\/knate.pl\/wp-content\/uploads\/2026\/04\/natalia-baner-mobile-4.png);\n}\n#banner-217354273 .bg {\n  background-position: 39% 61%;\n}\n@media (min-width:550px) {\n  #banner-217354273 {\n    padding-top: 60px;\n  }\n}\n<\/style>\n  <\/div>\n\n\n\n<\/div><\/div>\n\n            <\/div>\n    <style>\n    #banner-grid-890121038 .grid-col-1{height: 593px}\n    #banner-grid-890121038 .grid-col-1-2{height: 296.5px}\n    #banner-grid-890121038 .grid-col-1-3{height:197.66666666667px}\n    #banner-grid-890121038 .grid-col-2-3{height: 395.33333333333px}\n    #banner-grid-890121038 .grid-col-1-4{height: 148.25px}\n    #banner-grid-890121038 .grid-col-3-4{height: 444.75px}\n\n\n    \n    \n\n  <\/style>\n    <\/div>\n  \n\t<div id=\"gap-1020323578\" class=\"gap-element clearfix\" style=\"display:block; height:auto;\">\n\t\t\n<style>\n#gap-1020323578 {\n  padding-top: 30px;\n}\n<\/style>\n\t<\/div>\n\t\n\n<div class=\"container section-title-container\" ><h3 class=\"section-title section-title-bold-center\"><b><\/b><span class=\"section-title-main\" >Sprawd\u017a dost\u0119pne produkty<\/span><b><\/b><\/h3><\/div>\n\n\n  \n    <div class=\"row large-columns-4 medium-columns-3 small-columns-2 row-small has-shadow row-box-shadow-1 row-box-shadow-3-hover\">\n  \t<\/div>\n\n<div class=\"container section-title-container\" style=\"margin-top:3px;\"><h3 class=\"section-title section-title-bold-center\"><b><\/b><span class=\"section-title-main\" ><i class=\"icon-instagram\" ><\/i>\u015aled\u017a mnie na Instagramie<\/span><b><\/b><\/h3><\/div>\n\n\t<div id=\"gap-374501230\" class=\"gap-element clearfix\" style=\"display:block; height:auto;\">\n\t\t\n<style>\n#gap-374501230 {\n  padding-top: 14px;\n}\n<\/style>\n\t<\/div>\n\t\n\n\n<div id=\"sb_instagram\"  class=\"sbi sbi_mob_col_1 sbi_tab_col_2 sbi_col_3 sbi_width_resp sbi_disable_mobile\" style=\"padding-bottom: 10px; width: 30%;\"\t data-feedid=\"sbi_17841405884766474#9\"  data-res=\"auto\" data-cols=\"3\" data-colsmobile=\"1\" data-colstablet=\"2\" data-num=\"9\" data-nummobile=\"\" data-item-padding=\"5\"\t data-shortcode-atts=\"{&quot;num&quot;:&quot;9&quot;,&quot;cols&quot;:&quot;3&quot;,&quot;cachetime&quot;:30}\"  data-postid=\"29319\" data-locatornonce=\"101bc13380\" data-imageaspectratio=\"1:1\" data-sbi-flags=\"favorLocal\">\n\t\n\t<div id=\"sbi_images\"  style=\"gap: 10px;\">\n\t\t\t<\/div>\n\n\t<div id=\"sbi_load\" >\n\n\t\n\t\t\t<span class=\"sbi_follow_btn\" >\n\t\t\t<a target=\"_blank\"\n\t\t\t\trel=\"nofollow noopener\"  href=\"https:\/\/www.instagram.com\/knate.pl\/\">\n\t\t\t\t<svg class=\"svg-inline--fa fa-instagram fa-w-14\" aria-hidden=\"true\" data-fa-processed=\"\" aria-label=\"Instagram\" data-prefix=\"fab\" data-icon=\"instagram\" role=\"img\" viewBox=\"0 0 448 512\">\n                    <path fill=\"currentColor\" d=\"M224.1 141c-63.6 0-114.9 51.3-114.9 114.9s51.3 114.9 114.9 114.9S339 319.5 339 255.9 287.7 141 224.1 141zm0 189.6c-41.1 0-74.7-33.5-74.7-74.7s33.5-74.7 74.7-74.7 74.7 33.5 74.7 74.7-33.6 74.7-74.7 74.7zm146.4-194.3c0 14.9-12 26.8-26.8 26.8-14.9 0-26.8-12-26.8-26.8s12-26.8 26.8-26.8 26.8 12 26.8 26.8zm76.1 27.2c-1.7-35.9-9.9-67.7-36.2-93.9-26.2-26.2-58-34.4-93.9-36.2-37-2.1-147.9-2.1-184.9 0-35.8 1.7-67.6 9.9-93.9 36.1s-34.4 58-36.2 93.9c-2.1 37-2.1 147.9 0 184.9 1.7 35.9 9.9 67.7 36.2 93.9s58 34.4 93.9 36.2c37 2.1 147.9 2.1 184.9 0 35.9-1.7 67.7-9.9 93.9-36.2 26.2-26.2 34.4-58 36.2-93.9 2.1-37 2.1-147.8 0-184.8zM398.8 388c-7.8 19.6-22.9 34.7-42.6 42.6-29.5 11.7-99.5 9-132.1 9s-102.7 2.6-132.1-9c-19.6-7.8-34.7-22.9-42.6-42.6-11.7-29.5-9-99.5-9-132.1s-2.6-102.7 9-132.1c7.8-19.6 22.9-34.7 42.6-42.6 29.5-11.7 99.5-9 132.1-9s102.7-2.6 132.1 9c19.6 7.8 34.7 22.9 42.6 42.6 11.7 29.5 9 99.5 9 132.1s2.7 102.7-9 132.1z\"><\/path>\n                <\/svg>\t\t\t\t<span>Follow on Instagram<\/span>\n\t\t\t<\/a>\n\t\t<\/span>\n\t\n<\/div>\n\t\t<span class=\"sbi_resized_image_data\" data-feed-id=\"sbi_17841405884766474#9\"\n\t\t  data-resized=\"[]\">\n\t<\/span>\n\t<\/div>\n\n\n\t<div id=\"gap-430087815\" class=\"gap-element clearfix\" style=\"display:block; height:auto;\">\n\t\t\n<style>\n#gap-430087815 {\n  padding-top: 30px;\n}\n<\/style>\n\t<\/div>\n\t\n\n<div class=\"row row-solid\"  id=\"row-881990769\">\n\n\n\t<div id=\"col-1021393595\" class=\"col medium-6 small-12 large-6 col-divided\"  >\n\t\t<div class=\"col-inner\"  >\n\t\t\t\n\t\t\t\n\n\t<div id=\"text-752927769\" class=\"text\">\n\t\t\n\n<h2 style=\"text-align: center;\"><strong>B\u0105d\u017a z nami na bie\u017c\u0105co!<\/strong><\/h2>\n<h5 class=\"thin-font\" style=\"text-align: center;\"><span style=\"font-size: 115%;\">Otrzymuj informacje o promocjach i nowo\u015bciach jako pierwszy.<br \/><\/span><\/h5>\n<h5 class=\"thin-font\" style=\"text-align: center;\"><span style=\"font-size: 115%;\">Obiecujemy nie spamowa\u0107! \ud83d\ude0a<\/span><\/h5>\n\t\t\n<style>\n#text-752927769 {\n  font-size: 1rem;\n  line-height: 1.5;\n}\n<\/style>\n\t<\/div>\n\t\n\n\t\t<\/div>\n\t\t\t<\/div>\n\n\t\n\n\t<div id=\"col-1681556788\" class=\"col medium-6 small-12 large-6\"  >\n\t\t<div class=\"col-inner\"  >\n\t\t\t\n\t\t\t\n\n<script>(function() {\n\twindow.mc4wp = window.mc4wp || {\n\t\tlisteners: [],\n\t\tforms: {\n\t\t\ton: function(evt, cb) {\n\t\t\t\twindow.mc4wp.listeners.push(\n\t\t\t\t\t{\n\t\t\t\t\t\tevent   : evt,\n\t\t\t\t\t\tcallback: cb\n\t\t\t\t\t}\n\t\t\t\t);\n\t\t\t}\n\t\t}\n\t}\n})();\n<\/script><!-- Mailchimp for WordPress v4.11.1 - https:\/\/wordpress.org\/plugins\/mailchimp-for-wp\/ --><form id=\"mc4wp-form-1\" class=\"mc4wp-form mc4wp-form-25550\" method=\"post\" data-id=\"25550\" data-name=\"Newsletter\" ><div class=\"mc4wp-form-fields\"><p>\r\n    \r\n<\/p>\r\n<p>\r\n    <label><\/label>\r\n    <input type=\"text\" name=\"FNAME\" placeholder=\"Imi\u0119\" class=\"mc-input\" required=\"\">\r\n<\/p>\r\n\t<input type=\"email\" name=\"EMAIL\" placeholder=\"Wpisz adres e-mail\" class=\"mc-input\" required \/>\r\n\r\n\t<input type=\"submit\" value=\"Subskrybuj\" class=\"mc-button\"  \/>\r\n<label> <p>\r\n    <label>\r\n        <input name=\"AGREE_TO_TERMS\" type=\"checkbox\" value=\"1\" required=\"\"> <a href=\"https:\/\/knate.pl\/polityka_prywatnosci\/\" target=\"_blank\">Przeczyta\u0142em\/am i akceptuje Polityk\u0119 Prywatno\u015bci.<\/a>\r\n    <\/label>\r\n<\/p>\r\n\r\n<\/div><label style=\"display: none !important;\">Leave this field empty if you're human: <input type=\"text\" name=\"_mc4wp_honeypot\" value=\"\" tabindex=\"-1\" autocomplete=\"off\" \/><\/label><input type=\"hidden\" name=\"_mc4wp_timestamp\" value=\"1776295390\" \/><input type=\"hidden\" name=\"_mc4wp_form_id\" value=\"25550\" \/><input type=\"hidden\" name=\"_mc4wp_form_element_id\" value=\"mc4wp-form-1\" \/><div class=\"mc4wp-response\"><\/div><\/form><!-- \/ Mailchimp for WordPress Plugin -->\n\n\n\t\t<\/div>\n\t\t\t<\/div>\n\n\t\n\n<\/div>","protected":false},"excerpt":{"rendered":"","protected":false},"author":1,"featured_media":0,"parent":0,"menu_order":1,"comment_status":"closed","ping_status":"closed","template":"page-transparent-header.php","meta":{"_exactmetrics_skip_tracking":false,"_exactmetrics_sitenote_active":false,"_exactmetrics_sitenote_note":"","_exactmetrics_sitenote_category":0,"footnotes":""},"class_list":["post-29319","page","type-page","status-publish","hentry"],"_links":{"self":[{"href":"https:\/\/knate.pl\/en\/wp-json\/wp\/v2\/pages\/29319","targetHints":{"allow":["GET"]}}],"collection":[{"href":"https:\/\/knate.pl\/en\/wp-json\/wp\/v2\/pages"}],"about":[{"href":"https:\/\/knate.pl\/en\/wp-json\/wp\/v2\/types\/page"}],"author":[{"embeddable":true,"href":"https:\/\/knate.pl\/en\/wp-json\/wp\/v2\/users\/1"}],"replies":[{"embeddable":true,"href":"https:\/\/knate.pl\/en\/wp-json\/wp\/v2\/comments?post=29319"}],"version-history":[{"count":4,"href":"https:\/\/knate.pl\/en\/wp-json\/wp\/v2\/pages\/29319\/revisions"}],"predecessor-version":[{"id":29364,"href":"https:\/\/knate.pl\/en\/wp-json\/wp\/v2\/pages\/29319\/revisions\/29364"}],"wp:attachment":[{"href":"https:\/\/knate.pl\/en\/wp-json\/wp\/v2\/media?parent=29319"}],"curies":[{"name":"wp","href":"https:\/\/api.w.org\/{rel}","templated":true}]}}